{"id":591,"date":"2023-10-05T15:31:13","date_gmt":"2023-10-05T13:31:13","guid":{"rendered":"https:\/\/lou-felibre.fr\/1696364920877\/?page_id=591"},"modified":"2023-11-04T10:49:59","modified_gmt":"2023-11-04T09:49:59","slug":"les-activites","status":"publish","type":"page","link":"https:\/\/lou-felibre.fr\/en\/les-activites\/","title":{"rendered":"The activities"},"content":{"rendered":"<div data-elementor-type=\"wp-page\" data-elementor-id=\"591\" class=\"elementor elementor-591\" data-elementor-post-type=\"page\">\n\t\t\t\t<div class=\"elementor-element elementor-element-7d095d5 e-flex e-con-boxed e-con e-parent\" data-id=\"7d095d5\" data-element_type=\"container\" data-core-v316-plus=\"true\">\n\t\t\t\t\t<div class=\"e-con-inner\">\n\t\t\t\t<div class=\"elementor-element elementor-element-02cba80 elementor-widget elementor-widget-heading\" data-id=\"02cba80\" data-element_type=\"widget\" data-widget_type=\"heading.default\">\n\t\t\t\t<div class=\"elementor-widget-container\">\n\t\t\t<style>\/*! elementor - v3.20.0 - 26-03-2024 *\/\n.elementor-heading-title{padding:0;margin:0;line-height:1}.elementor-widget-heading .elementor-heading-title[class*=elementor-size-]>a{color:inherit;font-size:inherit;line-height:inherit}.elementor-widget-heading .elementor-heading-title.elementor-size-small{font-size:15px}.elementor-widget-heading .elementor-heading-title.elementor-size-medium{font-size:19px}.elementor-widget-heading .elementor-heading-title.elementor-size-large{font-size:29px}.elementor-widget-heading .elementor-heading-title.elementor-size-xl{font-size:39px}.elementor-widget-heading .elementor-heading-title.elementor-size-xxl{font-size:59px}<\/style><h2 class=\"elementor-heading-title elementor-size-default\">Activities to do around the mas<\/h2>\t\t<\/div>\n\t\t\t\t<\/div>\n\t\t\t\t\t<\/div>\n\t\t\t\t<\/div>\n\t\t<div class=\"elementor-element elementor-element-c5740b3 e-flex e-con-boxed e-con e-parent\" data-id=\"c5740b3\" data-element_type=\"container\" data-core-v316-plus=\"true\">\n\t\t\t\t\t<div class=\"e-con-inner\">\n\t\t<div class=\"elementor-element elementor-element-50b0a4b e-con-full e-flex e-con e-child\" data-id=\"50b0a4b\" data-element_type=\"container\">\n\t\t\t\t<div class=\"elementor-element elementor-element-3694c65 elementor-widget elementor-widget-heading\" data-id=\"3694c65\" data-element_type=\"widget\" data-widget_type=\"heading.default\">\n\t\t\t\t<div class=\"elementor-widget-container\">\n\t\t\t<h2 class=\"elementor-heading-title elementor-size-default\">The local markets<\/h2>\t\t<\/div>\n\t\t\t\t<\/div>\n\t\t\t\t<div class=\"elementor-element elementor-element-db8caa9 elementor-widget elementor-widget-text-editor\" data-id=\"db8caa9\" data-element_type=\"widget\" data-widget_type=\"text-editor.default\">\n\t\t\t\t<div class=\"elementor-widget-container\">\n\t\t\t<style>\/*! elementor - v3.20.0 - 26-03-2024 *\/\n.elementor-widget-text-editor.elementor-drop-cap-view-stacked .elementor-drop-cap{background-color:#69727d;color:#fff}.elementor-widget-text-editor.elementor-drop-cap-view-framed .elementor-drop-cap{color:#69727d;border:3px solid;background-color:transparent}.elementor-widget-text-editor:not(.elementor-drop-cap-view-default) .elementor-drop-cap{margin-top:8px}.elementor-widget-text-editor:not(.elementor-drop-cap-view-default) .elementor-drop-cap-letter{width:1em;height:1em}.elementor-widget-text-editor .elementor-drop-cap{float:left;text-align:center;line-height:1;font-size:50px}.elementor-widget-text-editor .elementor-drop-cap-letter{display:inline-block}<\/style>\t\t\t\t<p><strong>Monday<\/strong><\/p><p>- Market in Viols-en-Laval, town hall square.<\/p><p><strong>Thursday<\/strong><\/p><p>- Market in Saint-G\u00e9ly-du-Fesc, Esplanade.<br \/>- Market in Aniane, Place de la Libert\u00e9.<\/p><p><strong>Friday<\/strong><\/p><p>- Market in Ganges, local producers.<\/p><p><strong>Saturday<\/strong><\/p><p>- Market in Saint-G\u00e9ly-du-Fesc, Esplanade.<br \/>- Market in Gignac, Esplanade.<\/p><p><strong>Sunday<\/strong><\/p><p>- Market in Saint-Martin-de-Londres.<\/p>\t\t\t\t\t\t<\/div>\n\t\t\t\t<\/div>\n\t\t\t\t<\/div>\n\t\t<div class=\"elementor-element elementor-element-824d3c2 e-con-full e-flex e-con e-child\" data-id=\"824d3c2\" data-element_type=\"container\">\n\t\t\t\t<div class=\"elementor-element elementor-element-1e603ed elementor-widget elementor-widget-image\" data-id=\"1e603ed\" data-element_type=\"widget\" data-widget_type=\"image.default\">\n\t\t\t\t<div class=\"elementor-widget-container\">\n\t\t\t<style>\/*! elementor - v3.20.0 - 26-03-2024 *\/\n.elementor-widget-image{text-align:center}.elementor-widget-image a{display:inline-block}.elementor-widget-image a img[src$=\".svg\"]{width:48px}.elementor-widget-image img{vertical-align:middle;display:inline-block}<\/style>\t\t\t\t\t\t\t\t\t\t<img fetchpriority=\"high\" decoding=\"async\" width=\"800\" height=\"452\" src=\"https:\/\/lou-felibre.fr\/wp-content\/uploads\/2022\/06\/image.jpg\" class=\"attachment-large size-large wp-image-238\" alt=\"\" srcset=\"https:\/\/lou-felibre.fr\/wp-content\/uploads\/2022\/06\/image.jpg 885w, https:\/\/lou-felibre.fr\/wp-content\/uploads\/2022\/06\/image-300x169.jpg 300w, https:\/\/lou-felibre.fr\/wp-content\/uploads\/2022\/06\/image-768x434.jpg 768w, https:\/\/lou-felibre.fr\/wp-content\/uploads\/2022\/06\/image-480x271.jpg 480w\" sizes=\"(max-width: 800px) 100vw, 800px\" \/>\t\t\t\t\t\t\t\t\t\t\t\t\t<\/div>\n\t\t\t\t<\/div>\n\t\t\t\t<\/div>\n\t\t\t\t\t<\/div>\n\t\t\t\t<\/div>\n\t\t<div class=\"elementor-element elementor-element-4871620 e-flex e-con-boxed e-con e-parent\" data-id=\"4871620\" data-element_type=\"container\" data-core-v316-plus=\"true\">\n\t\t\t\t\t<div class=\"e-con-inner\">\n\t\t<div class=\"elementor-element elementor-element-991baf1 e-con-full e-flex e-con e-child\" data-id=\"991baf1\" data-element_type=\"container\">\n\t\t\t\t<div class=\"elementor-element elementor-element-2fe561f elementor-widget elementor-widget-heading\" data-id=\"2fe561f\" data-element_type=\"widget\" data-widget_type=\"heading.default\">\n\t\t\t\t<div class=\"elementor-widget-container\">\n\t\t\t<h2 class=\"elementor-heading-title elementor-size-default\">Equestrian center and horseback rides.\n\n<\/h2>\t\t<\/div>\n\t\t\t\t<\/div>\n\t\t\t\t<div class=\"elementor-element elementor-element-465783e elementor-widget elementor-widget-text-editor\" data-id=\"465783e\" data-element_type=\"widget\" data-widget_type=\"text-editor.default\">\n\t\t\t\t<div class=\"elementor-widget-container\">\n\t\t\t\t\t\t\t<div class=\"et_pb_module et_pb_text et_pb_text_4 et_pb_text_align_left et_pb_bg_layout_light\"><div class=\"et_pb_text_inner\"><p><b>The riders from Argelliers at Mas du Cournon.<\/b><\/p><\/div><\/div><div class=\"et_pb_module et_pb_text et_pb_text_5 et_pb_text_align_left et_pb_bg_layout_light\"><div class=\"et_pb_text_inner\"><p>Located next to Lou F\u00e9libre, they welcome you throughout the year to help you discover the local landscapes on horseback.<\/p><p><strong>Contact :<\/strong>\u00a004.67.66.64.71<\/p><\/div><\/div><div id=\"kurato_extension_modal\">\u00a0<\/div><div id=\"kurato_extension_modal\">\u00a0<\/div>\t\t\t\t\t\t<\/div>\n\t\t\t\t<\/div>\n\t\t\t\t<\/div>\n\t\t<div class=\"elementor-element elementor-element-aa26418 e-con-full e-flex e-con e-child\" data-id=\"aa26418\" data-element_type=\"container\">\n\t\t\t\t<div class=\"elementor-element elementor-element-dc22606 elementor-widget elementor-widget-image\" data-id=\"dc22606\" data-element_type=\"widget\" data-widget_type=\"image.default\">\n\t\t\t\t<div class=\"elementor-widget-container\">\n\t\t\t\t\t\t\t\t\t\t\t\t\t<img decoding=\"async\" width=\"443\" height=\"325\" src=\"https:\/\/lou-felibre.fr\/wp-content\/uploads\/2022\/06\/rando-1-1.jpg\" class=\"attachment-large size-large wp-image-393\" alt=\"\" srcset=\"https:\/\/lou-felibre.fr\/wp-content\/uploads\/2022\/06\/rando-1-1.jpg 443w, https:\/\/lou-felibre.fr\/wp-content\/uploads\/2022\/06\/rando-1-1-300x220.jpg 300w\" sizes=\"(max-width: 443px) 100vw, 443px\" \/>\t\t\t\t\t\t\t\t\t\t\t\t\t<\/div>\n\t\t\t\t<\/div>\n\t\t\t\t<\/div>\n\t\t\t\t\t<\/div>\n\t\t\t\t<\/div>\n\t\t<div class=\"elementor-element elementor-element-97b2f95 e-flex e-con-boxed e-con e-parent\" data-id=\"97b2f95\" data-element_type=\"container\" data-core-v316-plus=\"true\">\n\t\t\t\t\t<div class=\"e-con-inner\">\n\t\t<div class=\"elementor-element elementor-element-12687f6 e-con-full e-flex e-con e-child\" data-id=\"12687f6\" data-element_type=\"container\">\n\t\t\t\t<div class=\"elementor-element elementor-element-a7ae4e4 elementor-widget elementor-widget-heading\" data-id=\"a7ae4e4\" data-element_type=\"widget\" data-widget_type=\"heading.default\">\n\t\t\t\t<div class=\"elementor-widget-container\">\n\t\t\t<h2 class=\"elementor-heading-title elementor-size-default\">Hiking \n\n\n<\/h2>\t\t<\/div>\n\t\t\t\t<\/div>\n\t\t\t\t<div class=\"elementor-element elementor-element-2a79593 elementor-widget elementor-widget-text-editor\" data-id=\"2a79593\" data-element_type=\"widget\" data-widget_type=\"text-editor.default\">\n\t\t\t\t<div class=\"elementor-widget-container\">\n\t\t\t\t\t\t\t<div class=\"et_pb_module et_pb_text et_pb_text_4 et_pb_text_align_left et_pb_bg_layout_light\"><div class=\"et_pb_text_inner\"><p>Many hikes await you from Viols-Le-Fort.<\/p><p>They will allow you to discover the local landscape, with hikes suitable for beginners as well as experienced hikers.<\/p><\/div><\/div>\t\t\t\t\t\t<\/div>\n\t\t\t\t<\/div>\n\t\t\t\t<div class=\"elementor-element elementor-element-f89914b elementor-widget elementor-widget-button\" data-id=\"f89914b\" data-element_type=\"widget\" data-widget_type=\"button.default\">\n\t\t\t\t<div class=\"elementor-widget-container\">\n\t\t\t\t\t<div class=\"elementor-button-wrapper\">\n\t\t\t<a class=\"elementor-button elementor-button-link elementor-size-sm\" href=\"https:\/\/www.visorando.com\/randonnee-viols-le-fort.html\">\n\t\t\t\t\t\t<span class=\"elementor-button-content-wrapper\">\n\t\t\t\t\t\t<span class=\"elementor-button-icon elementor-align-icon-right\">\n\t\t\t\t<i aria-hidden=\"true\" class=\"fas fa-search-location\"><\/i>\t\t\t<\/span>\n\t\t\t\t\t\t<span class=\"elementor-button-text\">List of hikes to discover here.<\/span>\n\t\t<\/span>\n\t\t\t\t\t<\/a>\n\t\t<\/div>\n\t\t\t\t<\/div>\n\t\t\t\t<\/div>\n\t\t\t\t<\/div>\n\t\t<div class=\"elementor-element elementor-element-a441a45 e-con-full e-flex e-con e-child\" data-id=\"a441a45\" data-element_type=\"container\">\n\t\t\t\t<div class=\"elementor-element elementor-element-4ee1df8 elementor-widget__width-initial elementor-widget elementor-widget-image\" data-id=\"4ee1df8\" data-element_type=\"widget\" data-widget_type=\"image.default\">\n\t\t\t\t<div class=\"elementor-widget-container\">\n\t\t\t\t\t\t\t\t\t\t\t\t\t<img decoding=\"async\" width=\"800\" height=\"600\" src=\"https:\/\/lou-felibre.fr\/wp-content\/uploads\/2022\/06\/dc359a386c225df86d3769a595df13b7-1565618669-1024x768.jpg\" class=\"attachment-large size-large wp-image-244\" alt=\"\" srcset=\"https:\/\/lou-felibre.fr\/wp-content\/uploads\/2022\/06\/dc359a386c225df86d3769a595df13b7-1565618669-1024x768.jpg 1024w, https:\/\/lou-felibre.fr\/wp-content\/uploads\/2022\/06\/dc359a386c225df86d3769a595df13b7-1565618669-300x225.jpg 300w, https:\/\/lou-felibre.fr\/wp-content\/uploads\/2022\/06\/dc359a386c225df86d3769a595df13b7-1565618669-768x576.jpg 768w, https:\/\/lou-felibre.fr\/wp-content\/uploads\/2022\/06\/dc359a386c225df86d3769a595df13b7-1565618669-1536x1152.jpg 1536w, https:\/\/lou-felibre.fr\/wp-content\/uploads\/2022\/06\/dc359a386c225df86d3769a595df13b7-1565618669-510x382.jpg 510w, https:\/\/lou-felibre.fr\/wp-content\/uploads\/2022\/06\/dc359a386c225df86d3769a595df13b7-1565618669-1080x810.jpg 1080w, https:\/\/lou-felibre.fr\/wp-content\/uploads\/2022\/06\/dc359a386c225df86d3769a595df13b7-1565618669-1280x960.jpg 1280w, https:\/\/lou-felibre.fr\/wp-content\/uploads\/2022\/06\/dc359a386c225df86d3769a595df13b7-1565618669-980x735.jpg 980w, https:\/\/lou-felibre.fr\/wp-content\/uploads\/2022\/06\/dc359a386c225df86d3769a595df13b7-1565618669-480x360.jpg 480w, https:\/\/lou-felibre.fr\/wp-content\/uploads\/2022\/06\/dc359a386c225df86d3769a595df13b7-1565618669.jpg 1920w\" sizes=\"(max-width: 800px) 100vw, 800px\" \/>\t\t\t\t\t\t\t\t\t\t\t\t\t<\/div>\n\t\t\t\t<\/div>\n\t\t\t\t<\/div>\n\t\t\t\t\t<\/div>\n\t\t\t\t<\/div>\n\t\t<div class=\"elementor-element elementor-element-b4a13da e-flex e-con-boxed e-con e-parent\" data-id=\"b4a13da\" data-element_type=\"container\" data-core-v316-plus=\"true\">\n\t\t\t\t\t<div class=\"e-con-inner\">\n\t\t<div class=\"elementor-element elementor-element-6868ad3 e-con-full e-flex e-con e-child\" data-id=\"6868ad3\" data-element_type=\"container\">\n\t\t\t\t<div class=\"elementor-element elementor-element-80a03ab elementor-widget elementor-widget-heading\" data-id=\"80a03ab\" data-element_type=\"widget\" data-widget_type=\"heading.default\">\n\t\t\t\t<div class=\"elementor-widget-container\">\n\t\t\t<h2 class=\"elementor-heading-title elementor-size-default\">Visiting the Pic St Loup and H\u00e9rault Valley wineries.\n\n\n\n<\/h2>\t\t<\/div>\n\t\t\t\t<\/div>\n\t\t\t\t<div class=\"elementor-element elementor-element-349ef5b elementor-widget elementor-widget-text-editor\" data-id=\"349ef5b\" data-element_type=\"widget\" data-widget_type=\"text-editor.default\">\n\t\t\t\t<div class=\"elementor-widget-container\">\n\t\t\t\t\t\t\t<div class=\"et_pb_module et_pb_text et_pb_text_4 et_pb_text_align_left et_pb_bg_layout_light\"><div class=\"et_pb_text_inner\"><div class=\"et_pb_row et_pb_row_4\"><div class=\"et_pb_column et_pb_column_1_2 et_pb_column_8 et_pb_css_mix_blend_mode_passthrough et-last-child\"><div class=\"et_pb_module et_pb_text et_pb_text_9 et_pb_text_align_left et_pb_bg_layout_light\"><div class=\"et_pb_text_inner\"><p>Information about the locations and wineries on site.<\/p><\/div><\/div><\/div><\/div><\/div><\/div>\t\t\t\t\t\t<\/div>\n\t\t\t\t<\/div>\n\t\t\t\t<\/div>\n\t\t<div class=\"elementor-element elementor-element-e5a305c e-con-full e-flex e-con e-child\" data-id=\"e5a305c\" data-element_type=\"container\">\n\t\t\t\t<div class=\"elementor-element elementor-element-7ff3a35 elementor-widget elementor-widget-image\" data-id=\"7ff3a35\" data-element_type=\"widget\" data-widget_type=\"image.default\">\n\t\t\t\t<div class=\"elementor-widget-container\">\n\t\t\t\t\t\t\t\t\t\t\t\t\t<img loading=\"lazy\" decoding=\"async\" width=\"800\" height=\"436\" src=\"https:\/\/lou-felibre.fr\/wp-content\/uploads\/2022\/06\/vignes-pic-saint-loup.jpg\" class=\"attachment-large size-large wp-image-434\" alt=\"\" srcset=\"https:\/\/lou-felibre.fr\/wp-content\/uploads\/2022\/06\/vignes-pic-saint-loup.jpg 1000w, https:\/\/lou-felibre.fr\/wp-content\/uploads\/2022\/06\/vignes-pic-saint-loup-300x164.jpg 300w, https:\/\/lou-felibre.fr\/wp-content\/uploads\/2022\/06\/vignes-pic-saint-loup-768x419.jpg 768w, https:\/\/lou-felibre.fr\/wp-content\/uploads\/2022\/06\/vignes-pic-saint-loup-980x534.jpg 980w, https:\/\/lou-felibre.fr\/wp-content\/uploads\/2022\/06\/vignes-pic-saint-loup-480x262.jpg 480w\" sizes=\"(max-width: 800px) 100vw, 800px\" \/>\t\t\t\t\t\t\t\t\t\t\t\t\t<\/div>\n\t\t\t\t<\/div>\n\t\t\t\t<\/div>\n\t\t\t\t\t<\/div>\n\t\t\t\t<\/div>\n\t\t<div class=\"elementor-element elementor-element-b31da36 e-flex e-con-boxed e-con e-parent\" data-id=\"b31da36\" data-element_type=\"container\" data-core-v316-plus=\"true\">\n\t\t\t\t\t<div class=\"e-con-inner\">\n\t\t\t\t<div class=\"elementor-element elementor-element-30ec200 elementor-widget elementor-widget-heading\" data-id=\"30ec200\" data-element_type=\"widget\" data-widget_type=\"heading.default\">\n\t\t\t\t<div class=\"elementor-widget-container\">\n\t\t\t<h2 class=\"elementor-heading-title elementor-size-default\">Some places to discover in the region.\n\n<\/h2>\t\t<\/div>\n\t\t\t\t<\/div>\n\t\t\t\t<div class=\"elementor-element elementor-element-87cbd9a elementor--h-position-center elementor--v-position-middle elementor-arrows-position-inside elementor-pagination-position-inside elementor-widget elementor-widget-slides\" data-id=\"87cbd9a\" data-element_type=\"widget\" data-settings=\"{&quot;navigation&quot;:&quot;both&quot;,&quot;autoplay&quot;:&quot;yes&quot;,&quot;pause_on_hover&quot;:&quot;yes&quot;,&quot;pause_on_interaction&quot;:&quot;yes&quot;,&quot;autoplay_speed&quot;:5000,&quot;infinite&quot;:&quot;yes&quot;,&quot;transition&quot;:&quot;slide&quot;,&quot;transition_speed&quot;:500}\" data-widget_type=\"slides.default\">\n\t\t\t\t<div class=\"elementor-widget-container\">\n\t\t\t<style>\/*! elementor-pro - v3.16.0 - 20-09-2023 *\/\n.elementor-slides .swiper-slide-bg{background-size:cover;background-position:50%;background-repeat:no-repeat;min-width:100%;min-height:100%}.elementor-slides .swiper-slide-inner{background-repeat:no-repeat;background-position:50%;position:absolute;top:0;left:0;bottom:0;right:0;padding:50px;margin:auto}.elementor-slides .swiper-slide-inner,.elementor-slides .swiper-slide-inner:hover{color:#fff;display:flex}.elementor-slides .swiper-slide-inner .elementor-background-overlay{position:absolute;z-index:0;top:0;bottom:0;left:0;right:0}.elementor-slides .swiper-slide-inner .elementor-slide-content{position:relative;z-index:1;width:100%}.elementor-slides .swiper-slide-inner .elementor-slide-heading{font-size:35px;font-weight:700;line-height:1}.elementor-slides .swiper-slide-inner .elementor-slide-description{font-size:17px;line-height:1.4}.elementor-slides .swiper-slide-inner .elementor-slide-description:not(:last-child),.elementor-slides .swiper-slide-inner .elementor-slide-heading:not(:last-child){margin-bottom:30px}.elementor-slides .swiper-slide-inner .elementor-slide-button{border:2px solid #fff;color:#fff;background:transparent;display:inline-block}.elementor-slides .swiper-slide-inner .elementor-slide-button,.elementor-slides .swiper-slide-inner .elementor-slide-button:hover{background:transparent;color:inherit;text-decoration:none}.elementor--v-position-top .swiper-slide-inner{align-items:flex-start}.elementor--v-position-bottom .swiper-slide-inner{align-items:flex-end}.elementor--v-position-middle .swiper-slide-inner{align-items:center}.elementor--h-position-left .swiper-slide-inner{justify-content:flex-start}.elementor--h-position-right .swiper-slide-inner{justify-content:flex-end}.elementor--h-position-center .swiper-slide-inner{justify-content:center}body.rtl .elementor-widget-slides .elementor-swiper-button-next{left:10px;right:auto}body.rtl .elementor-widget-slides .elementor-swiper-button-prev{right:10px;left:auto}.elementor-slides-wrapper div:not(.swiper-slide)>.swiper-slide-inner{display:none}@media (max-width:767px){.elementor-slides .swiper-slide-inner{padding:30px}.elementor-slides .swiper-slide-inner .elementor-slide-heading{font-size:23px;line-height:1;margin-bottom:15px}.elementor-slides .swiper-slide-inner .elementor-slide-description{font-size:13px;line-height:1.4;margin-bottom:15px}}<\/style>\t\t<div class=\"elementor-swiper\">\n\t\t\t<div class=\"elementor-slides-wrapper elementor-main-swiper swiper\" dir=\"ltr\" data-animation=\"fadeInUp\">\n\t\t\t\t<div class=\"swiper-wrapper elementor-slides\">\n\t\t\t\t\t\t\t\t\t\t<div class=\"elementor-repeater-item-0440e86 swiper-slide\"><div class=\"swiper-slide-bg\" role=\"img\"><\/div><div class=\"swiper-slide-inner\" ><div class=\"swiper-slide-contents\"><div class=\"elementor-slide-heading\">Saint Guilhem Le Desert<\/div><\/div><\/div><\/div><div class=\"elementor-repeater-item-504dd68 swiper-slide\"><div class=\"swiper-slide-bg\" role=\"img\"><\/div><div class=\"swiper-slide-inner\" ><div class=\"swiper-slide-contents\"><div class=\"elementor-slide-heading\">Le Lac du Salagou<\/div><\/div><\/div><\/div><div class=\"elementor-repeater-item-372ea58 swiper-slide\"><div class=\"swiper-slide-bg\" role=\"img\"><\/div><div class=\"swiper-slide-inner\" ><div class=\"swiper-slide-contents\"><div class=\"elementor-slide-heading\">Le Pont du Diable<\/div><\/div><\/div><\/div><div class=\"elementor-repeater-item-1d2500d swiper-slide\"><div class=\"swiper-slide-bg\" role=\"img\"><\/div><div class=\"swiper-slide-inner\" ><div class=\"swiper-slide-contents\"><div class=\"elementor-slide-heading\">Le Cirque de Navacelles<\/div><\/div><\/div><\/div><div class=\"elementor-repeater-item-83cd93a swiper-slide\"><div class=\"swiper-slide-bg\" role=\"img\"><\/div><div class=\"swiper-slide-inner\" ><div class=\"swiper-slide-contents\"><div class=\"elementor-slide-heading\">Le Cirque de Mour\u00e8ze<\/div><\/div><\/div><\/div>\t\t\t\t<\/div>\n\t\t\t\t\t\t\t\t\t\t\t\t\t\t\t<div class=\"swiper-pagination\"><\/div>\n\t\t\t\t\t\t\t\t\t\t\t\t\t\t\t\t<div class=\"elementor-swiper-button elementor-swiper-button-prev\" role=\"button\" tabindex=\"0\">\n\t\t\t\t\t\t\t<i aria-hidden=\"true\" class=\"eicon-chevron-left\"><\/i>\t\t\t\t\t\t\t<span class=\"elementor-screen-only\">Previous slide<\/span>\n\t\t\t\t\t\t<\/div>\n\t\t\t\t\t\t<div class=\"elementor-swiper-button elementor-swiper-button-next\" role=\"button\" tabindex=\"0\">\n\t\t\t\t\t\t\t<i aria-hidden=\"true\" class=\"eicon-chevron-right\"><\/i>\t\t\t\t\t\t\t<span class=\"elementor-screen-only\">Next slide<\/span>\n\t\t\t\t\t\t<\/div>\n\t\t\t\t\t\t\t\t\t\t\t\t<\/div>\n\t\t<\/div>\n\t\t\t\t<\/div>\n\t\t\t\t<\/div>\n\t\t\t\t\t<\/div>\n\t\t\t\t<\/div>\n\t\t\t\t<\/div>","protected":false},"excerpt":{"rendered":"<p>Les activit\u00e9s \u00e0 faire autour du mas Les march\u00e9s locaux Lundi \u2013 March\u00e9 \u00e0 Viols-en-Laval, place de la mairie. Jeudi \u2013 March\u00e9 \u00e0 Saint-G\u00e9ly-du-Fesc, Esplanade.\u2013 March\u00e9 \u00e0 Aniane, Place de la Libert\u00e9. Vendredi \u2013 March\u00e9 \u00e0 Ganges, producteurs locaux. Samedi \u2013 March\u00e9 \u00e0 Saint-G\u00e9ly-du-Fesc, Esplanade.\u2013 March\u00e9 \u00e0 Gignac, Esplanade. Dimanche \u2013 March\u00e9 \u00e0 Saint-Martin-de-Londres. Centre [&hellip;]<\/p>","protected":false},"author":1,"featured_media":0,"parent":0,"menu_order":0,"comment_status":"closed","ping_status":"closed","template":"","meta":{"footnotes":""},"class_list":["post-591","page","type-page","status-publish","hentry"],"_links":{"self":[{"href":"https:\/\/lou-felibre.fr\/en\/wp-json\/wp\/v2\/pages\/591","targetHints":{"allow":["GET"]}}],"collection":[{"href":"https:\/\/lou-felibre.fr\/en\/wp-json\/wp\/v2\/pages"}],"about":[{"href":"https:\/\/lou-felibre.fr\/en\/wp-json\/wp\/v2\/types\/page"}],"author":[{"embeddable":true,"href":"https:\/\/lou-felibre.fr\/en\/wp-json\/wp\/v2\/users\/1"}],"replies":[{"embeddable":true,"href":"https:\/\/lou-felibre.fr\/en\/wp-json\/wp\/v2\/comments?post=591"}],"version-history":[{"count":10,"href":"https:\/\/lou-felibre.fr\/en\/wp-json\/wp\/v2\/pages\/591\/revisions"}],"predecessor-version":[{"id":770,"href":"https:\/\/lou-felibre.fr\/en\/wp-json\/wp\/v2\/pages\/591\/revisions\/770"}],"wp:attachment":[{"href":"https:\/\/lou-felibre.fr\/en\/wp-json\/wp\/v2\/media?parent=591"}],"curies":[{"name":"wp","href":"https:\/\/api.w.org\/{rel}","templated":true}]}}